{"id":5587,"date":"2022-01-23T19:05:26","date_gmt":"2022-01-23T16:05:26","guid":{"rendered":"http:\/\/www.akmmobilya.com.tr\/en\/?page_id=5587"},"modified":"2022-02-04T15:22:49","modified_gmt":"2022-02-04T12:22:49","slug":"duvar-uniteleri","status":"publish","type":"page","link":"https:\/\/www.akmmobilya.com.tr\/en\/duvar-uniteleri\/","title":{"rendered":"WALL UNITS"},"content":{"rendered":"\t\t<div data-elementor-type=\"wp-page\" data-elementor-id=\"5587\" class=\"elementor elementor-5587\">\n\t\t\t\t\t\t\t\t\t<section class=\"jarallax elementor-section elementor-top-section elementor-element elementor-element-77c39c59 elementor-section-boxed elementor-section-height-default elementor-section-height-default\" data-jarallax=\"\" data-speed=\"0.75\" data-type=\"scroll\" data-parallax=\"scroll\" style=\"background-image:url(&quot;http:\/\/www.intrahome.com.tr\/tur\/wp-content\/uploads\/2022\/01\/Basliktv-11.jpg&quot;);\" data-image-src=\"http:\/\/www.intrahome.com.tr\/tur\/wp-content\/uploads\/2022\/01\/Basliktv-11.jpg\" data-id=\"77c39c59\" data-element_type=\"section\" data-settings=\"{&quot;background_background&quot;:&quot;classic&quot;}\">\n\t\t\t\t\t\t\t<div class=\"elementor-background-overlay\"><\/div>\n\t\t\t\t\t\t\t<div class=\"elementor-container elementor-column-gap-default\">\n\t\t\t\t\t<div class=\"elementor-column elementor-col-100 elementor-top-column elementor-element elementor-element-54b4d401\" data-id=\"54b4d401\" data-element_type=\"column\">\n\t\t\t<div class=\"elementor-widget-wrap elementor-element-populated\">\n\t\t\t\t\t\t\t\t<div class=\"elementor-element elementor-element-3c54e52f section-align-left section-size-large subtitle-style-reveal elementor-widget elementor-widget-section-heading\" data-id=\"3c54e52f\" data-element_type=\"widget\" data-widget_type=\"section-heading.default\">\n\t\t\t\t<div class=\"elementor-widget-container\">\n\t\t\t<div class=\"section-heading headingstyle-subtitle\"><h5 class=\"entry-sub-title section-sub-title\"><span>COLLECTION<\/span><\/h5><h2 class=\"entry-title section-title\">WALL UNITS<\/h2><\/div>\t\t<\/div>\n\t\t\t\t<\/div>\n\t\t\t\t\t<\/div>\n\t\t<\/div>\n\t\t\t\t\t\t\t<\/div>\n\t\t<\/section>\n\t\t\t\t<section class=\"elementor-section elementor-top-section elementor-element elementor-element-2e686b12 elementor-section-boxed elementor-section-height-default elementor-section-height-default\" data-id=\"2e686b12\" data-element_type=\"section\" data-settings=\"{&quot;background_background&quot;:&quot;classic&quot;}\">\n\t\t\t\t\t\t<div class=\"elementor-container elementor-column-gap-wider\">\n\t\t\t\t\t<div class=\"elementor-column elementor-col-100 elementor-top-column elementor-element elementor-element-4c39a958\" data-id=\"4c39a958\" data-element_type=\"column\">\n\t\t\t<div class=\"elementor-widget-wrap elementor-element-populated\">\n\t\t\t\t\t\t\t\t<div class=\"elementor-element elementor-element-309a2e85 elementor-widget elementor-widget-portfolio-grid\" data-id=\"309a2e85\" data-element_type=\"widget\" data-widget_type=\"portfolio-grid.default\">\n\t\t\t\t<div class=\"elementor-widget-container\">\n\t\t\t<div class=\"portfolio-grid-container lightgallery-container portfolio-gridblock-columns-wrap\"><div id=\"gridblock-container\" class=\"portfolio-gutter-spaced    boxtitle-active has-effect-zoom grid-style-wall-spaced gridblock-three clearfix\" data-columns=\"3\"><div class=\"gridblock-element grid-animate-display-all isotope-displayed gridblock-element-id-8503 gridblock-element-order-1  gridblock-filterable filter-duvar-uniteleri \" data-portfolio=\"portfolio-8503\" data-id=\"id-2\"><div class=\"gridblock-grid-element gridblock-element-inner\" data-portfolioid=\"8503\"><div class=\"gridblock-background-hover\"><a class=\"gridblock-sole-link\" href=\"https:\/\/www.akmmobilya.com.tr\/en\/portfolios\/otto-3\/\"><div class=\"gridblock-links-wrap box-title-box-directlink\"><\/div><div class=\"boxtitle-hover\"><div class=\"work-details\"><div class=\"worktype-categories\">WALL UNITS<\/div><h4>OTTO<\/h4><p class=\"entry-content work-description\"><\/p><\/div><\/div><\/a><div class=\"gridblock-links-wrap box-title-box-directlink\"><span class=\"column-gridblock-icon\"><span class=\"hover-icon-effect\"><i class=\"ion-ios-plus-empty\"><\/i><\/span><\/span><\/div><\/div><img decoding=\"async\" src=\"https:\/\/www.akmmobilya.com.tr\/en\/wp-content\/themes\/arcmos\/images\/placeholders\/placeholder-770x550.gif\" data-src=\"https:\/\/www.akmmobilya.com.tr\/en\/wp-content\/uploads\/2024\/11\/T001-770x550.jpg\" alt=\"\" class=\"displayed-image lazyload\"\/><\/div><\/div><div class=\"gridblock-element grid-animate-display-all isotope-displayed gridblock-element-id-8718 gridblock-element-order-2  gridblock-filterable filter-duvar-uniteleri \" data-portfolio=\"portfolio-8718\" data-id=\"id-3\"><div class=\"gridblock-grid-element gridblock-element-inner\" data-portfolioid=\"8718\"><div class=\"gridblock-background-hover\"><a class=\"gridblock-sole-link\" href=\"https:\/\/www.akmmobilya.com.tr\/en\/portfolios\/urano-3\/\"><div class=\"gridblock-links-wrap box-title-box-directlink\"><\/div><div class=\"boxtitle-hover\"><div class=\"work-details\"><div class=\"worktype-categories\">WALL UNITS<\/div><h4>URANO<\/h4><p class=\"entry-content work-description\"><\/p><\/div><\/div><\/a><div class=\"gridblock-links-wrap box-title-box-directlink\"><span class=\"column-gridblock-icon\"><span class=\"hover-icon-effect\"><i class=\"ion-ios-plus-empty\"><\/i><\/span><\/span><\/div><\/div><\/div><\/div><div class=\"gridblock-element grid-animate-display-all isotope-displayed gridblock-element-id-8766 gridblock-element-order-3  gridblock-filterable filter-duvar-uniteleri \" data-portfolio=\"portfolio-8766\" data-id=\"id-4\"><div class=\"gridblock-grid-element gridblock-element-inner\" data-portfolioid=\"8766\"><div class=\"gridblock-background-hover\"><a class=\"gridblock-sole-link\" href=\"https:\/\/www.akmmobilya.com.tr\/en\/portfolios\/terra-3\/\"><div class=\"gridblock-links-wrap box-title-box-directlink\"><\/div><div class=\"boxtitle-hover\"><div class=\"work-details\"><div class=\"worktype-categories\">WALL UNITS<\/div><h4>TERRA<\/h4><p class=\"entry-content work-description\"><\/p><\/div><\/div><\/a><div class=\"gridblock-links-wrap box-title-box-directlink\"><span class=\"column-gridblock-icon\"><span class=\"hover-icon-effect\"><i class=\"ion-ios-plus-empty\"><\/i><\/span><\/span><\/div><\/div><img decoding=\"async\" src=\"https:\/\/www.akmmobilya.com.tr\/en\/wp-content\/themes\/arcmos\/images\/placeholders\/placeholder-770x550.gif\" data-src=\"https:\/\/www.akmmobilya.com.tr\/en\/wp-content\/uploads\/2025\/03\/T006-770x550.jpg\" alt=\"\" class=\"displayed-image lazyload\"\/><\/div><\/div><div class=\"gridblock-element grid-animate-display-all isotope-displayed gridblock-element-id-8818 gridblock-element-order-4  gridblock-filterable filter-duvar-uniteleri \" data-portfolio=\"portfolio-8818\" data-id=\"id-5\"><div class=\"gridblock-grid-element gridblock-element-inner\" data-portfolioid=\"8818\"><div class=\"gridblock-background-hover\"><a class=\"gridblock-sole-link\" href=\"https:\/\/www.akmmobilya.com.tr\/en\/portfolios\/regina-3\/\"><div class=\"gridblock-links-wrap box-title-box-directlink\"><\/div><div class=\"boxtitle-hover\"><div class=\"work-details\"><div class=\"worktype-categories\">WALL UNITS<\/div><h4>REGINA<\/h4><p class=\"entry-content work-description\"><\/p><\/div><\/div><\/a><div class=\"gridblock-links-wrap box-title-box-directlink\"><span class=\"column-gridblock-icon\"><span class=\"hover-icon-effect\"><i class=\"ion-ios-plus-empty\"><\/i><\/span><\/span><\/div><\/div><img decoding=\"async\" src=\"https:\/\/www.akmmobilya.com.tr\/en\/wp-content\/themes\/arcmos\/images\/placeholders\/placeholder-770x550.gif\" data-src=\"https:\/\/www.akmmobilya.com.tr\/en\/wp-content\/uploads\/2025\/03\/T005-1-770x550.jpg\" alt=\"\" class=\"displayed-image lazyload\"\/><\/div><\/div><div class=\"gridblock-element grid-animate-display-all isotope-displayed gridblock-element-id-8864 gridblock-element-order-5  gridblock-filterable filter-duvar-uniteleri \" data-portfolio=\"portfolio-8864\" data-id=\"id-6\"><div class=\"gridblock-grid-element gridblock-element-inner\" data-portfolioid=\"8864\"><div class=\"gridblock-background-hover\"><a class=\"gridblock-sole-link\" href=\"https:\/\/www.akmmobilya.com.tr\/en\/portfolios\/felix-3\/\"><div class=\"gridblock-links-wrap box-title-box-directlink\"><\/div><div class=\"boxtitle-hover\"><div class=\"work-details\"><div class=\"worktype-categories\">WALL UNITS<\/div><h4>FELIX<\/h4><p class=\"entry-content work-description\"><\/p><\/div><\/div><\/a><div class=\"gridblock-links-wrap box-title-box-directlink\"><span class=\"column-gridblock-icon\"><span class=\"hover-icon-effect\"><i class=\"ion-ios-plus-empty\"><\/i><\/span><\/span><\/div><\/div><img decoding=\"async\" src=\"https:\/\/www.akmmobilya.com.tr\/en\/wp-content\/themes\/arcmos\/images\/placeholders\/placeholder-770x550.gif\" data-src=\"https:\/\/www.akmmobilya.com.tr\/en\/wp-content\/uploads\/2025\/03\/T001-3-770x550.jpg\" alt=\"\" class=\"displayed-image lazyload\"\/><\/div><\/div><div class=\"gridblock-element grid-animate-display-all isotope-displayed gridblock-element-id-8569 gridblock-element-order-6  gridblock-filterable filter-duvar-uniteleri \" data-portfolio=\"portfolio-8569\" data-id=\"id-7\"><div class=\"gridblock-grid-element gridblock-element-inner\" data-portfolioid=\"8569\"><div class=\"gridblock-background-hover\"><a class=\"gridblock-sole-link\" href=\"https:\/\/www.akmmobilya.com.tr\/en\/portfolios\/rotary-3\/\"><div class=\"gridblock-links-wrap box-title-box-directlink\"><\/div><div class=\"boxtitle-hover\"><div class=\"work-details\"><div class=\"worktype-categories\">WALL UNITS<\/div><h4>ROTARY<\/h4><p class=\"entry-content work-description\"><\/p><\/div><\/div><\/a><div class=\"gridblock-links-wrap box-title-box-directlink\"><span class=\"column-gridblock-icon\"><span class=\"hover-icon-effect\"><i class=\"ion-ios-plus-empty\"><\/i><\/span><\/span><\/div><\/div><img decoding=\"async\" src=\"https:\/\/www.akmmobilya.com.tr\/en\/wp-content\/themes\/arcmos\/images\/placeholders\/placeholder-770x550.gif\" data-src=\"https:\/\/www.akmmobilya.com.tr\/en\/wp-content\/uploads\/2024\/11\/T002-main-770x550.jpg\" alt=\"\" class=\"displayed-image lazyload\"\/><\/div><\/div><div class=\"gridblock-element grid-animate-display-all isotope-displayed gridblock-element-id-8621 gridblock-element-order-7  gridblock-filterable filter-duvar-uniteleri \" data-portfolio=\"portfolio-8621\" data-id=\"id-8\"><div class=\"gridblock-grid-element gridblock-element-inner\" data-portfolioid=\"8621\"><div class=\"gridblock-background-hover\"><a class=\"gridblock-sole-link\" href=\"https:\/\/www.akmmobilya.com.tr\/en\/portfolios\/santa-3\/\"><div class=\"gridblock-links-wrap box-title-box-directlink\"><\/div><div class=\"boxtitle-hover\"><div class=\"work-details\"><div class=\"worktype-categories\">WALL UNITS<\/div><h4>SANTA<\/h4><p class=\"entry-content work-description\"><\/p><\/div><\/div><\/a><div class=\"gridblock-links-wrap box-title-box-directlink\"><span class=\"column-gridblock-icon\"><span class=\"hover-icon-effect\"><i class=\"ion-ios-plus-empty\"><\/i><\/span><\/span><\/div><\/div><img decoding=\"async\" src=\"https:\/\/www.akmmobilya.com.tr\/en\/wp-content\/themes\/arcmos\/images\/placeholders\/placeholder-770x550.gif\" data-src=\"https:\/\/www.akmmobilya.com.tr\/en\/wp-content\/uploads\/2024\/11\/T005-main-770x550.jpg\" alt=\"\" class=\"displayed-image lazyload\"\/><\/div><\/div><div class=\"gridblock-element grid-animate-display-all isotope-displayed gridblock-element-id-8665 gridblock-element-order-8  gridblock-filterable filter-duvar-uniteleri \" data-portfolio=\"portfolio-8665\" data-id=\"id-9\"><div class=\"gridblock-grid-element gridblock-element-inner\" data-portfolioid=\"8665\"><div class=\"gridblock-background-hover\"><a class=\"gridblock-sole-link\" href=\"https:\/\/www.akmmobilya.com.tr\/en\/portfolios\/voyage-2\/\"><div class=\"gridblock-links-wrap box-title-box-directlink\"><\/div><div class=\"boxtitle-hover\"><div class=\"work-details\"><div class=\"worktype-categories\">WALL UNITS<\/div><h4>VOYAGE<\/h4><p class=\"entry-content work-description\"><\/p><\/div><\/div><\/a><div class=\"gridblock-links-wrap box-title-box-directlink\"><span class=\"column-gridblock-icon\"><span class=\"hover-icon-effect\"><i class=\"ion-ios-plus-empty\"><\/i><\/span><\/span><\/div><\/div><img decoding=\"async\" src=\"https:\/\/www.akmmobilya.com.tr\/en\/wp-content\/themes\/arcmos\/images\/placeholders\/placeholder-770x550.gif\" data-src=\"https:\/\/www.akmmobilya.com.tr\/en\/wp-content\/uploads\/2024\/11\/T003-4-770x550.jpg\" alt=\"\" class=\"displayed-image lazyload\"\/><\/div><\/div><div class=\"gridblock-element grid-animate-display-all isotope-displayed gridblock-element-id-7660 gridblock-element-order-9  gridblock-filterable filter-duvar-uniteleri \" data-portfolio=\"portfolio-7660\" data-id=\"id-10\"><div class=\"gridblock-grid-element gridblock-element-inner\" data-portfolioid=\"7660\"><div class=\"gridblock-background-hover\"><a class=\"gridblock-sole-link\" href=\"https:\/\/www.akmmobilya.com.tr\/en\/portfolios\/regnum\/\"><div class=\"gridblock-links-wrap box-title-box-directlink\"><\/div><div class=\"boxtitle-hover\"><div class=\"work-details\"><div class=\"worktype-categories\">WALL UNITS<\/div><h4>REGNUM<\/h4><p class=\"entry-content work-description\"><\/p><\/div><\/div><\/a><div class=\"gridblock-links-wrap box-title-box-directlink\"><span class=\"column-gridblock-icon\"><span class=\"hover-icon-effect\"><i class=\"ion-ios-plus-empty\"><\/i><\/span><\/span><\/div><\/div><img decoding=\"async\" src=\"https:\/\/www.akmmobilya.com.tr\/en\/wp-content\/themes\/arcmos\/images\/placeholders\/placeholder-770x550.gif\" data-src=\"https:\/\/www.akmmobilya.com.tr\/en\/wp-content\/uploads\/2023\/04\/Regnum-Living-Room-TV-Unit-770x550.jpg\" alt=\"\" class=\"displayed-image lazyload\"\/><\/div><\/div><div class=\"gridblock-element grid-animate-display-all isotope-displayed gridblock-element-id-7646 gridblock-element-order-10  gridblock-filterable filter-duvar-uniteleri \" data-portfolio=\"portfolio-7646\" data-id=\"id-11\"><div class=\"gridblock-grid-element gridblock-element-inner\" data-portfolioid=\"7646\"><div class=\"gridblock-background-hover\"><a class=\"gridblock-sole-link\" href=\"https:\/\/www.akmmobilya.com.tr\/en\/portfolios\/resital-3\/\"><div class=\"gridblock-links-wrap box-title-box-directlink\"><\/div><div class=\"boxtitle-hover\"><div class=\"work-details\"><div class=\"worktype-categories\">WALL UNITS<\/div><h4>RESITAL<\/h4><p class=\"entry-content work-description\"><\/p><\/div><\/div><\/a><div class=\"gridblock-links-wrap box-title-box-directlink\"><span class=\"column-gridblock-icon\"><span class=\"hover-icon-effect\"><i class=\"ion-ios-plus-empty\"><\/i><\/span><\/span><\/div><\/div><img decoding=\"async\" src=\"https:\/\/www.akmmobilya.com.tr\/en\/wp-content\/themes\/arcmos\/images\/placeholders\/placeholder-770x550.gif\" data-src=\"https:\/\/www.akmmobilya.com.tr\/en\/wp-content\/uploads\/2023\/04\/Resital-Living-Room-TV-Unit-770x550.jpg\" alt=\"\" class=\"displayed-image lazyload\"\/><\/div><\/div><div class=\"gridblock-element grid-animate-display-all isotope-displayed gridblock-element-id-7638 gridblock-element-order-11  gridblock-filterable filter-duvar-uniteleri \" data-portfolio=\"portfolio-7638\" data-id=\"id-12\"><div class=\"gridblock-grid-element gridblock-element-inner\" data-portfolioid=\"7638\"><div class=\"gridblock-background-hover\"><a class=\"gridblock-sole-link\" href=\"https:\/\/www.akmmobilya.com.tr\/en\/portfolios\/lionel-4\/\"><div class=\"gridblock-links-wrap box-title-box-directlink\"><\/div><div class=\"boxtitle-hover\"><div class=\"work-details\"><div class=\"worktype-categories\">WALL UNITS<\/div><h4>LIONEL<\/h4><p class=\"entry-content work-description\"><\/p><\/div><\/div><\/a><div class=\"gridblock-links-wrap box-title-box-directlink\"><span class=\"column-gridblock-icon\"><span class=\"hover-icon-effect\"><i class=\"ion-ios-plus-empty\"><\/i><\/span><\/span><\/div><\/div><img decoding=\"async\" src=\"https:\/\/www.akmmobilya.com.tr\/en\/wp-content\/themes\/arcmos\/images\/placeholders\/placeholder-770x550.gif\" data-src=\"https:\/\/www.akmmobilya.com.tr\/en\/wp-content\/uploads\/2023\/04\/Lionel-Wall-Units-Wide-Angle-770x550.jpg\" alt=\"\" class=\"displayed-image lazyload\"\/><\/div><\/div><div class=\"gridblock-element grid-animate-display-all isotope-displayed gridblock-element-id-7616 gridblock-element-order-12  gridblock-filterable filter-duvar-uniteleri \" data-portfolio=\"portfolio-7616\" data-id=\"id-13\"><div class=\"gridblock-grid-element gridblock-element-inner\" data-portfolioid=\"7616\"><div class=\"gridblock-background-hover\"><a class=\"gridblock-sole-link\" href=\"https:\/\/www.akmmobilya.com.tr\/en\/portfolios\/petra-gold-4\/\"><div class=\"gridblock-links-wrap box-title-box-directlink\"><\/div><div class=\"boxtitle-hover\"><div class=\"work-details\"><div class=\"worktype-categories\">WALL UNITS<\/div><h4>PETRA GOLD<\/h4><p class=\"entry-content work-description\"><\/p><\/div><\/div><\/a><div class=\"gridblock-links-wrap box-title-box-directlink\"><span class=\"column-gridblock-icon\"><span class=\"hover-icon-effect\"><i class=\"ion-ios-plus-empty\"><\/i><\/span><\/span><\/div><\/div><img decoding=\"async\" src=\"https:\/\/www.akmmobilya.com.tr\/en\/wp-content\/themes\/arcmos\/images\/placeholders\/placeholder-770x550.gif\" data-src=\"https:\/\/www.akmmobilya.com.tr\/en\/wp-content\/uploads\/2023\/04\/Petra-Gold-Wall-Units-Wide-Angle-770x550.jpg\" alt=\"\" class=\"displayed-image lazyload\"\/><\/div><\/div><\/div><div class=\"clearfix\"><div class=\"pagination-navigation\"><div class=\"pagination\"><span class=\"pagination-info\">Page 1 of 3<\/span><span class=\"current\">1<\/span><a href='https:\/\/www.akmmobilya.com.tr\/en\/wp-json\/wp\/v2\/pages\/5587\/page\/2\/' class=\"inactive\">2<\/a><a href='https:\/\/www.akmmobilya.com.tr\/en\/wp-json\/wp\/v2\/pages\/5587\/page\/3\/' class=\"inactive\">3<\/a><\/div><\/div><\/div><\/div>\t\t<\/div>\n\t\t\t\t<\/div>\n\t\t\t\t\t<\/div>\n\t\t<\/div>\n\t\t\t\t\t\t\t<\/div>\n\t\t<\/section>\n\t\t\t\t\t\t\t<\/div>\n\t\t","protected":false},"excerpt":{"rendered":"<p>COLLECTION WALL UNITS DUVAR \u00dcN\u0130TELER\u0130 HERA DUVAR \u00dcN\u0130TELER\u0130 MONZA DUVAR \u00dcN\u0130TELER\u0130 MESSINA DUVAR \u00dcN\u0130TELER\u0130 BELLA DUVAR \u00dcN\u0130TELER\u0130 BACARAT DUVAR \u00dcN\u0130TELER\u0130 CALISTA DUVAR \u00dcN\u0130TELER\u0130 SOPRANO DUVAR \u00dcN\u0130TELER\u0130 LOTUS DUVAR \u00dcN\u0130TELER\u0130 R\u0130VA<\/p>\n","protected":false},"author":1,"featured_media":0,"parent":0,"menu_order":0,"comment_status":"closed","ping_status":"closed","template":"","meta":{"footnotes":""},"class_list":["post-5587","page","type-page","status-publish","hentry"],"_links":{"self":[{"href":"https:\/\/www.akmmobilya.com.tr\/en\/wp-json\/wp\/v2\/pages\/5587","targetHints":{"allow":["GET"]}}],"collection":[{"href":"https:\/\/www.akmmobilya.com.tr\/en\/wp-json\/wp\/v2\/pages"}],"about":[{"href":"https:\/\/www.akmmobilya.com.tr\/en\/wp-json\/wp\/v2\/types\/page"}],"author":[{"embeddable":true,"href":"https:\/\/www.akmmobilya.com.tr\/en\/wp-json\/wp\/v2\/users\/1"}],"replies":[{"embeddable":true,"href":"https:\/\/www.akmmobilya.com.tr\/en\/wp-json\/wp\/v2\/comments?post=5587"}],"version-history":[{"count":64,"href":"https:\/\/www.akmmobilya.com.tr\/en\/wp-json\/wp\/v2\/pages\/5587\/revisions"}],"predecessor-version":[{"id":6541,"href":"https:\/\/www.akmmobilya.com.tr\/en\/wp-json\/wp\/v2\/pages\/5587\/revisions\/6541"}],"wp:attachment":[{"href":"https:\/\/www.akmmobilya.com.tr\/en\/wp-json\/wp\/v2\/media?parent=5587"}],"curies":[{"name":"wp","href":"https:\/\/api.w.org\/{rel}","templated":true}]}}