{"id":5713,"date":"2022-01-23T19:59:47","date_gmt":"2022-01-23T16:59:47","guid":{"rendered":"http:\/\/www.akmmobilya.com.tr\/tur\/?page_id=5713"},"modified":"2022-01-27T23:12:03","modified_gmt":"2022-01-27T20:12:03","slug":"yat-design","status":"publish","type":"page","link":"https:\/\/www.akmmobilya.com.tr\/tur\/yat-design\/","title":{"rendered":"YAT DESIGN"},"content":{"rendered":"\t\t<div data-elementor-type=\"wp-page\" data-elementor-id=\"5713\" class=\"elementor elementor-5713\">\n\t\t\t\t\t\t\t\t\t<section class=\"jarallax elementor-section elementor-top-section elementor-element elementor-element-79b98b7c elementor-section-boxed elementor-section-height-default elementor-section-height-default\" data-jarallax=\"\" data-speed=\"0.75\" data-type=\"scroll\" data-parallax=\"scroll\" style=\"background-image:url(&quot;http:\/\/www.intrahome.com.tr\/tur\/wp-content\/uploads\/2022\/01\/Baslik022.jpg&quot;);\" data-image-src=\"http:\/\/www.intrahome.com.tr\/tur\/wp-content\/uploads\/2022\/01\/Baslik022.jpg\" data-id=\"79b98b7c\" data-element_type=\"section\" data-settings=\"{&quot;background_background&quot;:&quot;classic&quot;}\">\n\t\t\t\t\t\t\t<div class=\"elementor-background-overlay\"><\/div>\n\t\t\t\t\t\t\t<div class=\"elementor-container elementor-column-gap-default\">\n\t\t\t\t\t<div class=\"elementor-column elementor-col-100 elementor-top-column elementor-element elementor-element-23083402\" data-id=\"23083402\" data-element_type=\"column\">\n\t\t\t<div class=\"elementor-widget-wrap elementor-element-populated\">\n\t\t\t\t\t\t\t\t<div class=\"elementor-element elementor-element-4853e7d9 section-align-left section-size-large subtitle-style-reveal elementor-widget elementor-widget-section-heading\" data-id=\"4853e7d9\" data-element_type=\"widget\" data-widget_type=\"section-heading.default\">\n\t\t\t\t<div class=\"elementor-widget-container\">\n\t\t\t<div class=\"section-heading headingstyle-subtitle\"><h5 class=\"entry-sub-title section-sub-title\"><span>PROJELERi<\/span><\/h5><h2 class=\"entry-title section-title\">YAT<\/h2><\/div>\t\t<\/div>\n\t\t\t\t<\/div>\n\t\t\t\t\t<\/div>\n\t\t<\/div>\n\t\t\t\t\t\t\t<\/div>\n\t\t<\/section>\n\t\t\t\t<section class=\"elementor-section elementor-top-section elementor-element elementor-element-43520c26 elementor-section-boxed elementor-section-height-default elementor-section-height-default\" data-id=\"43520c26\" data-element_type=\"section\">\n\t\t\t\t\t\t\t<div class=\"elementor-background-overlay\"><\/div>\n\t\t\t\t\t\t\t<div class=\"elementor-container elementor-column-gap-wide\">\n\t\t\t\t\t<div class=\"elementor-column elementor-col-100 elementor-top-column elementor-element elementor-element-52655060\" data-id=\"52655060\" data-element_type=\"column\">\n\t\t\t<div class=\"elementor-widget-wrap elementor-element-populated\">\n\t\t\t\t\t\t\t\t<div class=\"elementor-element elementor-element-18593893 elementor-widget elementor-widget-portfolio-grid\" data-id=\"18593893\" data-element_type=\"widget\" data-widget_type=\"portfolio-grid.default\">\n\t\t\t\t<div class=\"elementor-widget-container\">\n\t\t\t<div class=\"portfolio-grid-container lightgallery-container portfolio-gridblock-columns-wrap\"><div id=\"gridblock-container\" class=\"portfolio-gutter-spaced    boxtitle-active has-effect-none grid-style-wall-spaced gridblock-two clearfix\" data-columns=\"2\"><div class=\"gridblock-element grid-animate-display-all isotope-displayed gridblock-element-id-5698 gridblock-element-order-1  gridblock-filterable filter-yat-design \" data-portfolio=\"portfolio-5698\" data-id=\"id-2\"><div class=\"gridblock-grid-element gridblock-element-inner\" data-portfolioid=\"5698\"><div class=\"mtheme-post-like-wrap\"><div class=\"mtheme-post-like \"><div class=\"post-link-count-wrap\" data-count_id=\"5698\"><span class=\"post-like-count\">0<\/span><\/div><span class=\"vote-ready\" data-post_id=\"5698\">\n\t\t\t\t\t<span class=\"mtheme-like like-vote-icon like-notvoted\"><i class=\"vote-like-icon ion-ios-heart-outline\"><\/i><\/span>\n\t\t\t\t\t<\/span><\/div><\/div><div class=\"gridblock-background-hover\"><a data-elementor-open-lightbox=\"no\" data-rel=\"gallery-69ff1b4d7df58\" data-thumb=\"https:\/\/www.akmmobilya.com.tr\/tur\/wp-content\/uploads\/2022\/01\/3-26-160x160.jpg\" class=\"mobx lightbox-active gridblock-sole-link column-gridblock-lightbox lightbox-image\" data-desc=\"&lt;div class=&quot;lightbox-text-wrap &quot;&gt;&lt;h4 class=&quot;lightbox-text&quot;&gt;&lt;\/h4&gt;&lt;\/div&gt;\" href=\"https:\/\/www.akmmobilya.com.tr\/tur\/wp-content\/uploads\/2022\/01\/3-26.jpg\" data-src=\"https:\/\/www.akmmobilya.com.tr\/tur\/wp-content\/uploads\/2022\/01\/3-26.jpg\" data-src=\"https:\/\/www.akmmobilya.com.tr\/tur\/wp-content\/uploads\/2022\/01\/3-26.jpg\"><div class=\"gridblock-links-wrap box-title-box-lightbox\"><\/div><div class=\"boxtitle-hover\"><div class=\"work-details\"><div class=\"worktype-categories\">YAT DESIGN<\/div><p class=\"entry-content work-description\"><\/p><\/div><\/div><\/a><div class=\"gridblock-links-wrap box-title-box-lightbox\"><span class=\"column-gridblock-icon\"><span class=\"hover-icon-effect\"><i class=\"ion-ios-plus-empty\"><\/i><\/span><\/span><\/div><\/div><img decoding=\"async\" src=\"https:\/\/www.akmmobilya.com.tr\/tur\/wp-content\/themes\/arcmos\/images\/placeholders\/placeholder-770x550.gif\" data-src=\"https:\/\/www.akmmobilya.com.tr\/tur\/wp-content\/uploads\/2022\/01\/3-26-770x550.jpg\" alt=\"\" class=\"displayed-image lazyload\"\/><\/div><\/div><div class=\"gridblock-element grid-animate-display-all isotope-displayed gridblock-element-id-5675 gridblock-element-order-2  gridblock-filterable filter-yat-design \" data-portfolio=\"portfolio-5675\" data-id=\"id-3\"><div class=\"gridblock-grid-element gridblock-element-inner\" data-portfolioid=\"5675\"><div class=\"mtheme-post-like-wrap\"><div class=\"mtheme-post-like \"><div class=\"post-link-count-wrap\" data-count_id=\"5675\"><span class=\"post-like-count\">2<\/span><\/div><span class=\"vote-ready\" data-post_id=\"5675\">\n\t\t\t\t\t<span class=\"mtheme-like like-vote-icon like-notvoted\"><i class=\"vote-like-icon ion-ios-heart-outline\"><\/i><\/span>\n\t\t\t\t\t<\/span><\/div><\/div><div class=\"gridblock-background-hover\"><a data-elementor-open-lightbox=\"no\" data-rel=\"gallery-69ff1b4d7df58\" data-thumb=\"https:\/\/www.akmmobilya.com.tr\/tur\/wp-content\/uploads\/2022\/01\/1-21-160x160.jpg\" class=\"mobx lightbox-active gridblock-sole-link column-gridblock-lightbox lightbox-image\" data-desc=\"&lt;div class=&quot;lightbox-text-wrap &quot;&gt;&lt;h4 class=&quot;lightbox-text&quot;&gt;&lt;\/h4&gt;&lt;\/div&gt;\" href=\"https:\/\/www.akmmobilya.com.tr\/tur\/wp-content\/uploads\/2022\/01\/1-21.jpg\" data-src=\"https:\/\/www.akmmobilya.com.tr\/tur\/wp-content\/uploads\/2022\/01\/1-21.jpg\" data-src=\"https:\/\/www.akmmobilya.com.tr\/tur\/wp-content\/uploads\/2022\/01\/1-21.jpg\"><div class=\"gridblock-links-wrap box-title-box-lightbox\"><\/div><div class=\"boxtitle-hover\"><div class=\"work-details\"><div class=\"worktype-categories\">YAT DESIGN<\/div><p class=\"entry-content work-description\"><\/p><\/div><\/div><\/a><div class=\"gridblock-links-wrap box-title-box-lightbox\"><span class=\"column-gridblock-icon\"><span class=\"hover-icon-effect\"><i class=\"ion-ios-plus-empty\"><\/i><\/span><\/span><\/div><\/div><img decoding=\"async\" src=\"https:\/\/www.akmmobilya.com.tr\/tur\/wp-content\/themes\/arcmos\/images\/placeholders\/placeholder-770x550.gif\" data-src=\"https:\/\/www.akmmobilya.com.tr\/tur\/wp-content\/uploads\/2022\/01\/1-21-770x550.jpg\" alt=\"\" class=\"displayed-image lazyload\"\/><\/div><\/div><\/div><\/div>\t\t<\/div>\n\t\t\t\t<\/div>\n\t\t\t\t\t<\/div>\n\t\t<\/div>\n\t\t\t\t\t\t\t<\/div>\n\t\t<\/section>\n\t\t\t\t\t\t\t<\/div>\n\t\t","protected":false},"excerpt":{"rendered":"<p>PROJELERi YAT 0 YAT DESIGN 0 YAT DESIGN<\/p>\n","protected":false},"author":1,"featured_media":0,"parent":0,"menu_order":0,"comment_status":"closed","ping_status":"closed","template":"","meta":{"footnotes":""},"class_list":["post-5713","page","type-page","status-publish","hentry"],"yoast_head":"<!-- This site is optimized with the Yoast SEO plugin v20.8 - https:\/\/yoast.com\/wordpress\/plugins\/seo\/ -->\n<title>YAT DESIGN - AKM Mobilya Luxury Furniture<\/title>\n<meta name=\"robots\" content=\"index, follow, max-snippet:-1, max-image-preview:large, max-video-preview:-1\" \/>\n<link rel=\"canonical\" href=\"https:\/\/www.akmmobilya.com.tr\/tur\/yat-design\/\" \/>\n<meta property=\"og:locale\" content=\"tr_TR\" \/>\n<meta property=\"og:type\" content=\"article\" \/>\n<meta property=\"og:title\" content=\"YAT DESIGN - AKM Mobilya Luxury Furniture\" \/>\n<meta property=\"og:description\" content=\"PROJELERi YAT 0 YAT DESIGN 0 YAT DESIGN\" \/>\n<meta property=\"og:url\" content=\"https:\/\/www.akmmobilya.com.tr\/tur\/yat-design\/\" \/>\n<meta property=\"og:site_name\" content=\"AKM Mobilya Luxury Furniture\" \/>\n<meta property=\"article:publisher\" content=\"https:\/\/www.facebook.com\/akmmobilyaluxury\/\" \/>\n<meta property=\"article:modified_time\" content=\"2022-01-27T20:12:03+00:00\" \/>\n<meta property=\"og:image\" content=\"http:\/\/www.akmmobilya.com.tr\/tur\/wp-content\/themes\/arcmos\/images\/placeholders\/placeholder-770x550.gif\" \/>\n<meta name=\"twitter:card\" content=\"summary_large_image\" \/>\n<script type=\"application\/ld+json\" class=\"yoast-schema-graph\">{\"@context\":\"https:\/\/schema.org\",\"@graph\":[{\"@type\":\"WebPage\",\"@id\":\"https:\/\/www.akmmobilya.com.tr\/tur\/yat-design\/\",\"url\":\"https:\/\/www.akmmobilya.com.tr\/tur\/yat-design\/\",\"name\":\"YAT DESIGN - AKM Mobilya Luxury Furniture\",\"isPartOf\":{\"@id\":\"https:\/\/www.akmmobilya.com.tr\/tur\/#website\"},\"datePublished\":\"2022-01-23T16:59:47+00:00\",\"dateModified\":\"2022-01-27T20:12:03+00:00\",\"breadcrumb\":{\"@id\":\"https:\/\/www.akmmobilya.com.tr\/tur\/yat-design\/#breadcrumb\"},\"inLanguage\":\"tr\",\"potentialAction\":[{\"@type\":\"ReadAction\",\"target\":[\"https:\/\/www.akmmobilya.com.tr\/tur\/yat-design\/\"]}]},{\"@type\":\"BreadcrumbList\",\"@id\":\"https:\/\/www.akmmobilya.com.tr\/tur\/yat-design\/#breadcrumb\",\"itemListElement\":[{\"@type\":\"ListItem\",\"position\":1,\"name\":\"Anasayfa\",\"item\":\"https:\/\/www.akmmobilya.com.tr\/tur\/\"},{\"@type\":\"ListItem\",\"position\":2,\"name\":\"YAT DESIGN\"}]},{\"@type\":\"WebSite\",\"@id\":\"https:\/\/www.akmmobilya.com.tr\/tur\/#website\",\"url\":\"https:\/\/www.akmmobilya.com.tr\/tur\/\",\"name\":\"AKM Mobilya Luxury Furniture\",\"description\":\"L\u00fcks Mobilya&#039;n\u0131n vazge\u00e7ilmez adresi. Yemek Odalar\u0131, Yatak Odalar\u0131 ve Oturma Gruplar\u0131\",\"publisher\":{\"@id\":\"https:\/\/www.akmmobilya.com.tr\/tur\/#organization\"},\"potentialAction\":[{\"@type\":\"SearchAction\",\"target\":{\"@type\":\"EntryPoint\",\"urlTemplate\":\"https:\/\/www.akmmobilya.com.tr\/tur\/?s={search_term_string}\"},\"query-input\":\"required name=search_term_string\"}],\"inLanguage\":\"tr\"},{\"@type\":\"Organization\",\"@id\":\"https:\/\/www.akmmobilya.com.tr\/tur\/#organization\",\"name\":\"AKM Mobilya Luxury Furniture\",\"url\":\"https:\/\/www.akmmobilya.com.tr\/tur\/\",\"logo\":{\"@type\":\"ImageObject\",\"inLanguage\":\"tr\",\"@id\":\"https:\/\/www.akmmobilya.com.tr\/tur\/#\/schema\/logo\/image\/\",\"url\":\"https:\/\/www.akmmobilya.com.tr\/tur\/wp-content\/uploads\/2022\/01\/LogoOnayli.png\",\"contentUrl\":\"https:\/\/www.akmmobilya.com.tr\/tur\/wp-content\/uploads\/2022\/01\/LogoOnayli.png\",\"width\":400,\"height\":400,\"caption\":\"AKM Mobilya Luxury Furniture\"},\"image\":{\"@id\":\"https:\/\/www.akmmobilya.com.tr\/tur\/#\/schema\/logo\/image\/\"},\"sameAs\":[\"https:\/\/www.facebook.com\/akmmobilyaluxury\/\",\"https:\/\/www.instagram.com\/akmmobilyaluxury\/\"]}]}<\/script>\n<!-- \/ Yoast SEO plugin. -->","yoast_head_json":{"title":"YAT DESIGN - AKM Mobilya Luxury Furniture","robots":{"index":"index","follow":"follow","max-snippet":"max-snippet:-1","max-image-preview":"max-image-preview:large","max-video-preview":"max-video-preview:-1"},"canonical":"https:\/\/www.akmmobilya.com.tr\/tur\/yat-design\/","og_locale":"tr_TR","og_type":"article","og_title":"YAT DESIGN - AKM Mobilya Luxury Furniture","og_description":"PROJELERi YAT 0 YAT DESIGN 0 YAT DESIGN","og_url":"https:\/\/www.akmmobilya.com.tr\/tur\/yat-design\/","og_site_name":"AKM Mobilya Luxury Furniture","article_publisher":"https:\/\/www.facebook.com\/akmmobilyaluxury\/","article_modified_time":"2022-01-27T20:12:03+00:00","og_image":[{"url":"http:\/\/www.akmmobilya.com.tr\/tur\/wp-content\/themes\/arcmos\/images\/placeholders\/placeholder-770x550.gif"}],"twitter_card":"summary_large_image","schema":{"@context":"https:\/\/schema.org","@graph":[{"@type":"WebPage","@id":"https:\/\/www.akmmobilya.com.tr\/tur\/yat-design\/","url":"https:\/\/www.akmmobilya.com.tr\/tur\/yat-design\/","name":"YAT DESIGN - AKM Mobilya Luxury Furniture","isPartOf":{"@id":"https:\/\/www.akmmobilya.com.tr\/tur\/#website"},"datePublished":"2022-01-23T16:59:47+00:00","dateModified":"2022-01-27T20:12:03+00:00","breadcrumb":{"@id":"https:\/\/www.akmmobilya.com.tr\/tur\/yat-design\/#breadcrumb"},"inLanguage":"tr","potentialAction":[{"@type":"ReadAction","target":["https:\/\/www.akmmobilya.com.tr\/tur\/yat-design\/"]}]},{"@type":"BreadcrumbList","@id":"https:\/\/www.akmmobilya.com.tr\/tur\/yat-design\/#breadcrumb","itemListElement":[{"@type":"ListItem","position":1,"name":"Anasayfa","item":"https:\/\/www.akmmobilya.com.tr\/tur\/"},{"@type":"ListItem","position":2,"name":"YAT DESIGN"}]},{"@type":"WebSite","@id":"https:\/\/www.akmmobilya.com.tr\/tur\/#website","url":"https:\/\/www.akmmobilya.com.tr\/tur\/","name":"AKM Mobilya Luxury Furniture","description":"L\u00fcks Mobilya&#039;n\u0131n vazge\u00e7ilmez adresi. Yemek Odalar\u0131, Yatak Odalar\u0131 ve Oturma Gruplar\u0131","publisher":{"@id":"https:\/\/www.akmmobilya.com.tr\/tur\/#organization"},"potentialAction":[{"@type":"SearchAction","target":{"@type":"EntryPoint","urlTemplate":"https:\/\/www.akmmobilya.com.tr\/tur\/?s={search_term_string}"},"query-input":"required name=search_term_string"}],"inLanguage":"tr"},{"@type":"Organization","@id":"https:\/\/www.akmmobilya.com.tr\/tur\/#organization","name":"AKM Mobilya Luxury Furniture","url":"https:\/\/www.akmmobilya.com.tr\/tur\/","logo":{"@type":"ImageObject","inLanguage":"tr","@id":"https:\/\/www.akmmobilya.com.tr\/tur\/#\/schema\/logo\/image\/","url":"https:\/\/www.akmmobilya.com.tr\/tur\/wp-content\/uploads\/2022\/01\/LogoOnayli.png","contentUrl":"https:\/\/www.akmmobilya.com.tr\/tur\/wp-content\/uploads\/2022\/01\/LogoOnayli.png","width":400,"height":400,"caption":"AKM Mobilya Luxury Furniture"},"image":{"@id":"https:\/\/www.akmmobilya.com.tr\/tur\/#\/schema\/logo\/image\/"},"sameAs":["https:\/\/www.facebook.com\/akmmobilyaluxury\/","https:\/\/www.instagram.com\/akmmobilyaluxury\/"]}]}},"_links":{"self":[{"href":"https:\/\/www.akmmobilya.com.tr\/tur\/wp-json\/wp\/v2\/pages\/5713","targetHints":{"allow":["GET"]}}],"collection":[{"href":"https:\/\/www.akmmobilya.com.tr\/tur\/wp-json\/wp\/v2\/pages"}],"about":[{"href":"https:\/\/www.akmmobilya.com.tr\/tur\/wp-json\/wp\/v2\/types\/page"}],"author":[{"embeddable":true,"href":"https:\/\/www.akmmobilya.com.tr\/tur\/wp-json\/wp\/v2\/users\/1"}],"replies":[{"embeddable":true,"href":"https:\/\/www.akmmobilya.com.tr\/tur\/wp-json\/wp\/v2\/comments?post=5713"}],"version-history":[{"count":10,"href":"https:\/\/www.akmmobilya.com.tr\/tur\/wp-json\/wp\/v2\/pages\/5713\/revisions"}],"predecessor-version":[{"id":6454,"href":"https:\/\/www.akmmobilya.com.tr\/tur\/wp-json\/wp\/v2\/pages\/5713\/revisions\/6454"}],"wp:attachment":[{"href":"https:\/\/www.akmmobilya.com.tr\/tur\/wp-json\/wp\/v2\/media?parent=5713"}],"curies":[{"name":"wp","href":"https:\/\/api.w.org\/{rel}","templated":true}]}}