{"id":681,"date":"2018-08-16T14:06:13","date_gmt":"2018-08-16T14:06:13","guid":{"rendered":"http:\/\/192.168.1.3\/wp\/kordex\/?page_id=681"},"modified":"2025-04-23T10:49:38","modified_gmt":"2025-04-23T07:49:38","slug":"contact-us","status":"publish","type":"page","link":"https:\/\/www.akmmobilya.com.tr\/tur\/contact-us\/","title":{"rendered":"\u0130LET\u0130\u015e\u0130M"},"content":{"rendered":"\t\t<div data-elementor-type=\"wp-post\" data-elementor-id=\"681\" class=\"elementor elementor-681\">\n\t\t\t\t\t\t\t\t\t<section class=\"jarallax elementor-section elementor-top-section elementor-element elementor-element-53794fc elementor-section-boxed elementor-section-height-default elementor-section-height-default\" data-jarallax=\"\" data-speed=\"0.75\" data-type=\"scroll\" data-parallax=\"scroll\" style=\"background-image:url(&quot;http:\/\/www.intrahome.com.tr\/tur\/wp-content\/uploads\/2022\/01\/iletisim.jpg&quot;);\" data-image-src=\"http:\/\/www.intrahome.com.tr\/tur\/wp-content\/uploads\/2022\/01\/iletisim.jpg\" data-id=\"53794fc\" data-element_type=\"section\" data-settings=\"{&quot;background_background&quot;:&quot;classic&quot;}\">\n\t\t\t\t\t\t\t<div class=\"elementor-background-overlay\"><\/div>\n\t\t\t\t\t\t\t<div class=\"elementor-container elementor-column-gap-default\">\n\t\t\t\t\t<div class=\"elementor-column elementor-col-100 elementor-top-column elementor-element elementor-element-e5fc450\" data-id=\"e5fc450\" data-element_type=\"column\">\n\t\t\t<div class=\"elementor-widget-wrap elementor-element-populated\">\n\t\t\t\t\t\t\t\t<div class=\"elementor-element elementor-element-75fba78 section-align-left section-size-large subtitle-style-reveal elementor-widget elementor-widget-section-heading\" data-id=\"75fba78\" data-element_type=\"widget\" data-widget_type=\"section-heading.default\">\n\t\t\t\t<div class=\"elementor-widget-container\">\n\t\t\t<div class=\"section-heading headingstyle-subtitle\"><h5 class=\"entry-sub-title section-sub-title\"><span>HIZLI \u0130LET\u0130\u015e\u0130M<\/span><\/h5><h2 class=\"entry-title section-title\">Hemen ileti\u015fime ge\u00e7in!<\/h2><div class=\"section-description clearfix\"><div class=\"section-description-inner\"><p><span class=\"LrzXr\">ARSLAN KARDE\u015eLER MOB\u0130LYA T\u0130CARET ve SANAY\u0130 L\u0130M\u0130TED \u015e\u0130RKET\u0130<br \/>\u00d6nder Mah. Dolant\u0131 Cad. No 5 \u0130\u00e7 Kap\u0131 No:4 06160 Alt\u0131nda\u011f\/Ankara<\/span><br \/>Email: info@akmmobilya.com.tr<br \/>Phone: +90 312 348 5432<br \/>Whatsapp: +90 533 899 6849<\/p>\n<\/div><\/div><\/div>\t\t<\/div>\n\t\t\t\t<\/div>\n\t\t\t\t\t<\/div>\n\t\t<\/div>\n\t\t\t\t\t\t\t<\/div>\n\t\t<\/section>\n\t\t\t\t<section class=\"elementor-section elementor-top-section elementor-element elementor-element-07dabc4 elementor-section-boxed elementor-section-height-default elementor-section-height-default\" data-id=\"07dabc4\" data-element_type=\"section\">\n\t\t\t\t\t\t<div class=\"elementor-container elementor-column-gap-wider\">\n\t\t\t\t\t<div class=\"elementor-column elementor-col-100 elementor-top-column elementor-element elementor-element-31ca648\" data-id=\"31ca648\" data-element_type=\"column\">\n\t\t\t<div class=\"elementor-widget-wrap elementor-element-populated\">\n\t\t\t\t\t\t\t\t<div class=\"elementor-element elementor-element-246dda7 input-border-style-curved input-icons-default elementor-widget elementor-widget-contactform\" data-id=\"246dda7\" data-element_type=\"widget\" data-widget_type=\"contactform.default\">\n\t\t\t\t<div class=\"elementor-widget-container\">\n\t\t\t\t\t<div class=\"mtheme-contact-form-container\">\n\t\t\t\n<div class=\"wpcf7 no-js\" id=\"wpcf7-f4267-o1\" lang=\"tr-TR\" dir=\"ltr\">\n<div class=\"screen-reader-response\"><p role=\"status\" aria-live=\"polite\" aria-atomic=\"true\"><\/p> <ul><\/ul><\/div>\n<form action=\"\/tur\/wp-json\/wp\/v2\/pages\/681#wpcf7-f4267-o1\" method=\"post\" class=\"wpcf7-form init\" aria-label=\"Contact form\" novalidate=\"novalidate\" data-status=\"init\">\n<div style=\"display: none;\">\n<input type=\"hidden\" name=\"_wpcf7\" value=\"4267\" \/>\n<input type=\"hidden\" name=\"_wpcf7_version\" value=\"5.7.7\" \/>\n<input type=\"hidden\" name=\"_wpcf7_locale\" value=\"tr_TR\" \/>\n<input type=\"hidden\" name=\"_wpcf7_unit_tag\" value=\"wpcf7-f4267-o1\" \/>\n<input type=\"hidden\" name=\"_wpcf7_container_post\" value=\"0\" \/>\n<input type=\"hidden\" name=\"_wpcf7_posted_data_hash\" value=\"\" \/>\n<\/div>\n<p><label> Ad\u0131n\u0131z<br \/>\n<span class=\"wpcf7-form-control-wrap\" data-name=\"your-name\"><input size=\"40\" class=\"wpcf7-form-control wpcf7-text wpcf7-validates-as-required\" aria-required=\"true\" aria-invalid=\"false\" value=\"\" type=\"text\" name=\"your-name\" \/><\/span> <\/label>\n<\/p>\n<p><label> E-posta adresiniz<br \/>\n<span class=\"wpcf7-form-control-wrap\" data-name=\"your-email\"><input size=\"40\" class=\"wpcf7-form-control wpcf7-text wpcf7-email wpcf7-validates-as-required wpcf7-validates-as-email\" aria-required=\"true\" aria-invalid=\"false\" value=\"\" type=\"email\" name=\"your-email\" \/><\/span> <\/label>\n<\/p>\n<p><label> Konu<br \/>\n<span class=\"wpcf7-form-control-wrap\" data-name=\"your-subject\"><input size=\"40\" class=\"wpcf7-form-control wpcf7-text wpcf7-validates-as-required\" aria-required=\"true\" aria-invalid=\"false\" value=\"\" type=\"text\" name=\"your-subject\" \/><\/span> <\/label>\n<\/p>\n<p><label> \u0130letiniz (tercihe ba\u011fl\u0131)<br \/>\n<span class=\"wpcf7-form-control-wrap\" data-name=\"your-message\"><textarea cols=\"40\" rows=\"10\" class=\"wpcf7-form-control wpcf7-textarea\" aria-invalid=\"false\" name=\"your-message\"><\/textarea><\/span> <\/label>\n<\/p>\n<p><input class=\"wpcf7-form-control has-spinner wpcf7-submit\" type=\"submit\" value=\"G\u00f6nder\" \/>\n<\/p><div class=\"wpcf7-response-output\" aria-hidden=\"true\"><\/div>\n<\/form>\n<\/div>\n\t\t<\/div>\n\t\t\t\t<\/div>\n\t\t\t\t<\/div>\n\t\t\t\t\t<\/div>\n\t\t<\/div>\n\t\t\t\t\t\t\t<\/div>\n\t\t<\/section>\n\t\t\t\t<section class=\"elementor-section elementor-top-section elementor-element elementor-element-2c7694d elementor-section-boxed elementor-section-height-default elementor-section-height-default\" data-id=\"2c7694d\" data-element_type=\"section\">\n\t\t\t\t\t\t<div class=\"elementor-container elementor-column-gap-default\">\n\t\t\t\t\t<div class=\"elementor-column elementor-col-100 elementor-top-column elementor-element elementor-element-071849a\" data-id=\"071849a\" data-element_type=\"column\">\n\t\t\t<div class=\"elementor-widget-wrap elementor-element-populated\">\n\t\t\t\t\t\t\t\t<div class=\"elementor-element elementor-element-2a49dd6 elementor-widget elementor-widget-html\" data-id=\"2a49dd6\" data-element_type=\"widget\" data-widget_type=\"html.default\">\n\t\t\t\t<div class=\"elementor-widget-container\">\n\t\t\t\n<html>\n<iframe src=\"https:\/\/www.google.com\/maps\/embed?pb=!1m14!1m8!1m3!1d12232.55549334289!2d32.9012507!3d39.9606477!3m2!1i1024!2i768!4f13.1!3m3!1m2!1s0x0%3A0x46f90b2975c09342!2sAKM%20MOB%C4%B0LYA!5e0!3m2!1str!2str!4v1643303474489!5m2!1str!2str\" width=\"600\" height=\"450\" style=\"border:0;\" allowfullscreen=\"\" loading=\"lazy\"><\/iframe>\n<\/html>\t\t<\/div>\n\t\t\t\t<\/div>\n\t\t\t\t\t<\/div>\n\t\t<\/div>\n\t\t\t\t\t\t\t<\/div>\n\t\t<\/section>\n\t\t\t\t\t\t\t<\/div>\n\t\t","protected":false},"excerpt":{"rendered":"<p>HIZLI \u0130LET\u0130\u015e\u0130M Hemen ileti\u015fime ge\u00e7in! ARSLAN KARDE\u015eLER MOB\u0130LYA T\u0130CARET ve SANAY\u0130 L\u0130M\u0130TED \u015e\u0130RKET\u0130\u00d6nder Mah. Dolant\u0131 Cad. No 5 \u0130\u00e7 Kap\u0131 No:4 06160 Alt\u0131nda\u011f\/AnkaraEmail: info@akmmobilya.com.trPhone: +90 312 348 5432Whatsapp: +90 533 899 6849 Ad\u0131n\u0131z E-posta adresiniz Konu \u0130letiniz (tercihe ba\u011fl\u0131)<\/p>\n","protected":false},"author":1,"featured_media":0,"parent":0,"menu_order":0,"comment_status":"closed","ping_status":"closed","template":"","meta":{"footnotes":""},"class_list":["post-681","page","type-page","status-publish","hentry"],"yoast_head":"<!-- This site is optimized with the Yoast SEO plugin v20.8 - https:\/\/yoast.com\/wordpress\/plugins\/seo\/ -->\n<title>\u0130LET\u0130\u015e\u0130M - AKM Mobilya Luxury Furniture<\/title>\n<meta name=\"robots\" content=\"index, follow, max-snippet:-1, max-image-preview:large, max-video-preview:-1\" \/>\n<link rel=\"canonical\" href=\"https:\/\/www.akmmobilya.com.tr\/tur\/contact-us\/\" \/>\n<meta property=\"og:locale\" content=\"tr_TR\" \/>\n<meta property=\"og:type\" content=\"article\" \/>\n<meta property=\"og:title\" content=\"\u0130LET\u0130\u015e\u0130M - AKM Mobilya Luxury Furniture\" \/>\n<meta property=\"og:description\" content=\"HIZLI \u0130LET\u0130\u015e\u0130M Hemen ileti\u015fime ge\u00e7in! ARSLAN KARDE\u015eLER MOB\u0130LYA T\u0130CARET ve SANAY\u0130 L\u0130M\u0130TED \u015e\u0130RKET\u0130\u00d6nder Mah. Dolant\u0131 Cad. No 5 \u0130\u00e7 Kap\u0131 No:4 06160 Alt\u0131nda\u011f\/AnkaraEmail: info@akmmobilya.com.trPhone: +90 312 348 5432Whatsapp: +90 533 899 6849 Ad\u0131n\u0131z E-posta adresiniz Konu \u0130letiniz (tercihe ba\u011fl\u0131)\" \/>\n<meta property=\"og:url\" content=\"https:\/\/www.akmmobilya.com.tr\/tur\/contact-us\/\" \/>\n<meta property=\"og:site_name\" content=\"AKM Mobilya Luxury Furniture\" \/>\n<meta property=\"article:publisher\" content=\"https:\/\/www.facebook.com\/akmmobilyaluxury\/\" \/>\n<meta property=\"article:modified_time\" content=\"2025-04-23T07:49:38+00:00\" \/>\n<meta name=\"twitter:card\" content=\"summary_large_image\" \/>\n<script type=\"application\/ld+json\" class=\"yoast-schema-graph\">{\"@context\":\"https:\/\/schema.org\",\"@graph\":[{\"@type\":\"WebPage\",\"@id\":\"https:\/\/www.akmmobilya.com.tr\/tur\/contact-us\/\",\"url\":\"https:\/\/www.akmmobilya.com.tr\/tur\/contact-us\/\",\"name\":\"\u0130LET\u0130\u015e\u0130M - AKM Mobilya Luxury Furniture\",\"isPartOf\":{\"@id\":\"https:\/\/www.akmmobilya.com.tr\/tur\/#website\"},\"datePublished\":\"2018-08-16T14:06:13+00:00\",\"dateModified\":\"2025-04-23T07:49:38+00:00\",\"breadcrumb\":{\"@id\":\"https:\/\/www.akmmobilya.com.tr\/tur\/contact-us\/#breadcrumb\"},\"inLanguage\":\"tr\",\"potentialAction\":[{\"@type\":\"ReadAction\",\"target\":[\"https:\/\/www.akmmobilya.com.tr\/tur\/contact-us\/\"]}]},{\"@type\":\"BreadcrumbList\",\"@id\":\"https:\/\/www.akmmobilya.com.tr\/tur\/contact-us\/#breadcrumb\",\"itemListElement\":[{\"@type\":\"ListItem\",\"position\":1,\"name\":\"Anasayfa\",\"item\":\"https:\/\/www.akmmobilya.com.tr\/tur\/\"},{\"@type\":\"ListItem\",\"position\":2,\"name\":\"\u0130LET\u0130\u015e\u0130M\"}]},{\"@type\":\"WebSite\",\"@id\":\"https:\/\/www.akmmobilya.com.tr\/tur\/#website\",\"url\":\"https:\/\/www.akmmobilya.com.tr\/tur\/\",\"name\":\"AKM Mobilya Luxury Furniture\",\"description\":\"L\u00fcks Mobilya&#039;n\u0131n vazge\u00e7ilmez adresi. Yemek Odalar\u0131, Yatak Odalar\u0131 ve Oturma Gruplar\u0131\",\"publisher\":{\"@id\":\"https:\/\/www.akmmobilya.com.tr\/tur\/#organization\"},\"potentialAction\":[{\"@type\":\"SearchAction\",\"target\":{\"@type\":\"EntryPoint\",\"urlTemplate\":\"https:\/\/www.akmmobilya.com.tr\/tur\/?s={search_term_string}\"},\"query-input\":\"required name=search_term_string\"}],\"inLanguage\":\"tr\"},{\"@type\":\"Organization\",\"@id\":\"https:\/\/www.akmmobilya.com.tr\/tur\/#organization\",\"name\":\"AKM Mobilya Luxury Furniture\",\"url\":\"https:\/\/www.akmmobilya.com.tr\/tur\/\",\"logo\":{\"@type\":\"ImageObject\",\"inLanguage\":\"tr\",\"@id\":\"https:\/\/www.akmmobilya.com.tr\/tur\/#\/schema\/logo\/image\/\",\"url\":\"https:\/\/www.akmmobilya.com.tr\/tur\/wp-content\/uploads\/2022\/01\/LogoOnayli.png\",\"contentUrl\":\"https:\/\/www.akmmobilya.com.tr\/tur\/wp-content\/uploads\/2022\/01\/LogoOnayli.png\",\"width\":400,\"height\":400,\"caption\":\"AKM Mobilya Luxury Furniture\"},\"image\":{\"@id\":\"https:\/\/www.akmmobilya.com.tr\/tur\/#\/schema\/logo\/image\/\"},\"sameAs\":[\"https:\/\/www.facebook.com\/akmmobilyaluxury\/\",\"https:\/\/www.instagram.com\/akmmobilyaluxury\/\"]}]}<\/script>\n<!-- \/ Yoast SEO plugin. -->","yoast_head_json":{"title":"\u0130LET\u0130\u015e\u0130M - AKM Mobilya Luxury Furniture","robots":{"index":"index","follow":"follow","max-snippet":"max-snippet:-1","max-image-preview":"max-image-preview:large","max-video-preview":"max-video-preview:-1"},"canonical":"https:\/\/www.akmmobilya.com.tr\/tur\/contact-us\/","og_locale":"tr_TR","og_type":"article","og_title":"\u0130LET\u0130\u015e\u0130M - AKM Mobilya Luxury Furniture","og_description":"HIZLI \u0130LET\u0130\u015e\u0130M Hemen ileti\u015fime ge\u00e7in! ARSLAN KARDE\u015eLER MOB\u0130LYA T\u0130CARET ve SANAY\u0130 L\u0130M\u0130TED \u015e\u0130RKET\u0130\u00d6nder Mah. Dolant\u0131 Cad. No 5 \u0130\u00e7 Kap\u0131 No:4 06160 Alt\u0131nda\u011f\/AnkaraEmail: info@akmmobilya.com.trPhone: +90 312 348 5432Whatsapp: +90 533 899 6849 Ad\u0131n\u0131z E-posta adresiniz Konu \u0130letiniz (tercihe ba\u011fl\u0131)","og_url":"https:\/\/www.akmmobilya.com.tr\/tur\/contact-us\/","og_site_name":"AKM Mobilya Luxury Furniture","article_publisher":"https:\/\/www.facebook.com\/akmmobilyaluxury\/","article_modified_time":"2025-04-23T07:49:38+00:00","twitter_card":"summary_large_image","schema":{"@context":"https:\/\/schema.org","@graph":[{"@type":"WebPage","@id":"https:\/\/www.akmmobilya.com.tr\/tur\/contact-us\/","url":"https:\/\/www.akmmobilya.com.tr\/tur\/contact-us\/","name":"\u0130LET\u0130\u015e\u0130M - AKM Mobilya Luxury Furniture","isPartOf":{"@id":"https:\/\/www.akmmobilya.com.tr\/tur\/#website"},"datePublished":"2018-08-16T14:06:13+00:00","dateModified":"2025-04-23T07:49:38+00:00","breadcrumb":{"@id":"https:\/\/www.akmmobilya.com.tr\/tur\/contact-us\/#breadcrumb"},"inLanguage":"tr","potentialAction":[{"@type":"ReadAction","target":["https:\/\/www.akmmobilya.com.tr\/tur\/contact-us\/"]}]},{"@type":"BreadcrumbList","@id":"https:\/\/www.akmmobilya.com.tr\/tur\/contact-us\/#breadcrumb","itemListElement":[{"@type":"ListItem","position":1,"name":"Anasayfa","item":"https:\/\/www.akmmobilya.com.tr\/tur\/"},{"@type":"ListItem","position":2,"name":"\u0130LET\u0130\u015e\u0130M"}]},{"@type":"WebSite","@id":"https:\/\/www.akmmobilya.com.tr\/tur\/#website","url":"https:\/\/www.akmmobilya.com.tr\/tur\/","name":"AKM Mobilya Luxury Furniture","description":"L\u00fcks Mobilya&#039;n\u0131n vazge\u00e7ilmez adresi. Yemek Odalar\u0131, Yatak Odalar\u0131 ve Oturma Gruplar\u0131","publisher":{"@id":"https:\/\/www.akmmobilya.com.tr\/tur\/#organization"},"potentialAction":[{"@type":"SearchAction","target":{"@type":"EntryPoint","urlTemplate":"https:\/\/www.akmmobilya.com.tr\/tur\/?s={search_term_string}"},"query-input":"required name=search_term_string"}],"inLanguage":"tr"},{"@type":"Organization","@id":"https:\/\/www.akmmobilya.com.tr\/tur\/#organization","name":"AKM Mobilya Luxury Furniture","url":"https:\/\/www.akmmobilya.com.tr\/tur\/","logo":{"@type":"ImageObject","inLanguage":"tr","@id":"https:\/\/www.akmmobilya.com.tr\/tur\/#\/schema\/logo\/image\/","url":"https:\/\/www.akmmobilya.com.tr\/tur\/wp-content\/uploads\/2022\/01\/LogoOnayli.png","contentUrl":"https:\/\/www.akmmobilya.com.tr\/tur\/wp-content\/uploads\/2022\/01\/LogoOnayli.png","width":400,"height":400,"caption":"AKM Mobilya Luxury Furniture"},"image":{"@id":"https:\/\/www.akmmobilya.com.tr\/tur\/#\/schema\/logo\/image\/"},"sameAs":["https:\/\/www.facebook.com\/akmmobilyaluxury\/","https:\/\/www.instagram.com\/akmmobilyaluxury\/"]}]}},"_links":{"self":[{"href":"https:\/\/www.akmmobilya.com.tr\/tur\/wp-json\/wp\/v2\/pages\/681","targetHints":{"allow":["GET"]}}],"collection":[{"href":"https:\/\/www.akmmobilya.com.tr\/tur\/wp-json\/wp\/v2\/pages"}],"about":[{"href":"https:\/\/www.akmmobilya.com.tr\/tur\/wp-json\/wp\/v2\/types\/page"}],"author":[{"embeddable":true,"href":"https:\/\/www.akmmobilya.com.tr\/tur\/wp-json\/wp\/v2\/users\/1"}],"replies":[{"embeddable":true,"href":"https:\/\/www.akmmobilya.com.tr\/tur\/wp-json\/wp\/v2\/comments?post=681"}],"version-history":[{"count":43,"href":"https:\/\/www.akmmobilya.com.tr\/tur\/wp-json\/wp\/v2\/pages\/681\/revisions"}],"predecessor-version":[{"id":8711,"href":"https:\/\/www.akmmobilya.com.tr\/tur\/wp-json\/wp\/v2\/pages\/681\/revisions\/8711"}],"wp:attachment":[{"href":"https:\/\/www.akmmobilya.com.tr\/tur\/wp-json\/wp\/v2\/media?parent=681"}],"curies":[{"name":"wp","href":"https:\/\/api.w.org\/{rel}","templated":true}]}}